{"id":161,"date":"2022-03-08T12:01:23","date_gmt":"2022-03-08T12:01:23","guid":{"rendered":"https:\/\/www.nadawki.pl\/?page_id=161"},"modified":"2024-02-07T17:41:06","modified_gmt":"2024-02-07T17:41:06","slug":"aktualnosci","status":"publish","type":"page","link":"https:\/\/www.nadawki.pl\/index.php\/aktualnosci\/","title":{"rendered":"Aktualno\u015bci"},"content":{"rendered":"\n<ul class=\"wp-block-list\">\n<li>12 stycznia 2024 r.<\/li>\n<\/ul>\n\n\n\n<p>Zapraszamy na zebranie Cz\u0142onk\u00f3w Wsp\u00f3lnoty Mieszkaniowej kt\u00f3re odb\u0119dzie si\u0119 23 stycznia 2024 r. w sto\u0142\u00f3wce Szko\u0142y Podstawowej w Wasilkowie przy ul. Polnej 1\/4. Tematem zebrania b\u0119dzie wy\u0142onienie dw\u00f3ch nowych os\u00f3b do Zarz\u0105du Wsp\u00f3lnoty. Obecno\u015b\u0107 mile widziana.<\/p>\n\n\n\n<ul class=\"wp-block-list\">\n<li>12 kwietnia 2023 r.<\/li>\n<\/ul>\n\n\n\n<p>Trwa g\u0142osowanie nad uchwa\u0142ami, kt\u00f3re by\u0142y przedmiotem naszego zebrania 21 marca 2023 r. Kto nie by\u0142 obecny otrzyma\u0142 tre\u015b\u0107 uchwa\u0142 i kart\u0119 do g\u0142osowania. Prosimy o oddanie g\u0142osu. To bardzo wa\u017cne, aby nie przed\u0142u\u017ca\u0107 g\u0142osowania w niesko\u0144czono\u015b\u0107. Wsp\u00f3lnoty Mieszkaniowe sprawnie funkcjonuj\u0105, je\u015bli sprawnie przeprowadzane s\u0105 g\u0142osowania nad uchwa\u0142ami wsp\u00f3lnoty. G\u0142osowanie ko\u0144czy si\u0119, gdy kt\u00f3ra\u015b opcja (ZA lub PRZECIW) uzyska nie mniej ni\u017c 50% g\u0142os\u00f3w. Brak g\u0142osu to nie jest g\u0142os ani ZA ani PRZECIW, brak g\u0142osu niepotrzebnie przed\u0142u\u017ca czas g\u0142osowania. Czekamy na Tw\u00f3j g\u0142os, aby nasza Wsp\u00f3lnota funkcjonowa\u0142a sprawnie.<\/p>\n\n\n\n<p>Ka\u017cdy otrzyma\u0142 tre\u015bci uchwa\u0142 i kart\u0119 do g\u0142osowania na sw\u00f3j adres, kt\u00f3ry wskaza\u0142 jako adres do dor\u0119cze\u0144. G\u0142osowanie rozpocz\u0119te na zebraniu nie mo\u017ce by\u0107 kontynuowane elektronicznie w IKM, wi\u0119c prosimy o g\u0142os w formie tradycyjnej na dostarczonej Tobie karcie do g\u0142osowania. Nie masz karty? Jest poni\u017cej do pobrania. W razie problem\u00f3w zadzwo\u0144 883-950-002 lub napisz kontakt@nadawki.pl. <\/p>\n\n\n\n<div class=\"wp-block-file\"><a id=\"wp-block-file--media-165a4ff3-c54e-4aa0-b893-b5e014c609c0\" href=\"https:\/\/www.nadawki.pl\/wp-content\/uploads\/2023\/04\/karta-do-glosowania-indywidualnego-Nadawki-1-1D.pdf\" target=\"_blank\" rel=\"noreferrer noopener\">karta-do-glosowania-indywidualnego-Nadawki-1-1D<\/a><a href=\"https:\/\/www.nadawki.pl\/wp-content\/uploads\/2023\/04\/karta-do-glosowania-indywidualnego-Nadawki-1-1D.pdf\" class=\"wp-block-file__button wp-element-button\" download aria-describedby=\"wp-block-file--media-165a4ff3-c54e-4aa0-b893-b5e014c609c0\">Pobierz<\/a><\/div>\n\n\n\n<ul class=\"wp-block-list\">\n<li>10 marca 2023 r.<\/li>\n<\/ul>\n\n\n\n<p>Zapraszamy na Zebranie Cz\u0142onk\u00f3w Wsp\u00f3lnoty Mieszkaniowej. 21 marca 2023 r. godzina 17:30 w budynku Szko\u0142y Podstawowej w Wasilkowie przy ul. Polnej. Spotykamy si\u0119 raz w roku. Warto po\u015bwi\u0119ci\u0107 jedno popo\u0142udnie, aby wiedzie\u0107 &#8222;co w trawie piszczy&#8221;.<\/p>\n\n\n\n<ul class=\"wp-block-list\">\n<li>12 lutego 2023 r.<\/li>\n<\/ul>\n\n\n\n<p>W\u0142a\u015bcicielom mieszka\u0144 w budynkach Nadawki 1C i Nadawki 1D przypominamy o ko\u0144cz\u0105cej si\u0119 5-letniej r\u0119kojmi za wady. Dok\u0142adny termin wynika z daty protoko\u0142u odbioru mieszkania\/gara\u017cu &#8211; ka\u017cdy m\u00f3g\u0142 mie\u0107 go innego dnia. Sprawd\u017acie prosz\u0119 te terminy, aby ich nie przekroczy\u0107, je\u015bli chcecie z\u0142o\u017cy\u0107 do dewelopera reklamacj\u0119 na wady wyst\u0119puj\u0105ce w mieszkaniach\/gara\u017cach. Wz\u00f3r pisma reklamacyjnego dost\u0119pny w zak\u0142adce <a rel=\"noreferrer noopener\" href=\"https:\/\/www.nadawki.pl\/index.php\/kontakt\/\" data-type=\"URL\" data-id=\"https:\/\/www.nadawki.pl\/index.php\/kontakt\/\" target=\"_blank\">Kontakt i awarie<\/a> na dole strony. Przygotowane pismo w dw\u00f3ch egzemplarzach nale\u017cy z\u0142o\u017cy\u0107 w biurze dewelopera przy ul. Pi\u0119knej 3 w Bia\u0142ymstoku, na drugim egzemplarzu uzyskajcie potwierdzenie z\u0142o\u017cenia i zabierzcie ze sob\u0105 jako dow\u00f3d.<\/p>\n\n\n\n<ul class=\"wp-block-list\">\n<li>12 stycznia 2023 r.<\/li>\n<\/ul>\n\n\n\n<p>Urz\u0105d Miejski w Wasilkowie poda\u0142 do wiadomo\u015bci terminy odbioru odpad\u00f3w wielkogabarytowych w 2023 r., oto one:<\/p>\n\n\n\n<p>&#8211; 18 kwietnia &#8211; elektronika i opony,<br>&#8211; 20 kwietnia pozosta\u0142e wielkogabarytowe,<br>&#8211; 17 pa\u017adziernika &#8211; elektronika i opony,<br>&#8211; 19 pa\u017adziernika pozosta\u0142e wielkogabarytowe.<\/p>\n\n\n\n<ul class=\"wp-block-list\">\n<li>20 grudnia 2022 r.<\/li>\n<\/ul>\n\n\n\n<p>Rozpoczynamy elektroniczne g\u0142osowanie nad dwoma uchwa\u0142ami: [1] w sprawie wsp\u00f3\u0142czynnika wyr\u00f3wnawczego utraty ciep\u0142a i [2] minimalnego zu\u017cycia ciep\u0142a. G\u0142osowanie na stronie <a rel=\"noreferrer noopener\" href=\"http:\/\/www.provirtus.pl\/ikm\/glosowania.aspx\" target=\"_blank\">http:\/\/www.provirtus.pl\/ikm\/glosowania.aspx<\/a> a je\u015bli kto\u015b ma problem z logowaniem, prosz\u0119 o wiadomo\u015b\u0107 na adres <a rel=\"noreferrer noopener\" href=\"mailto:dzialtechniczny@dobrawspolnota.pl\" target=\"_blank\">dzialtechniczny@dobrawspolnota.pl<\/a> lub te\u017c o informacj\u0119, \u017ce kto\u015b chce odda\u0107 g\u0142os tradycyjnie (papierowo).<\/p>\n\n\n\n<ul class=\"wp-block-list\">\n<li>7 listopada 2022 r.<\/li>\n<\/ul>\n\n\n\n<p>W dniu 16 listopada 2022 r. w godzinach 7-19 b\u0119dzie przerwa w dostawie gazu do budynk\u00f3w Nadawki 1, 1C i 1D. Oznacza to brak ogrzewania i ciep\u0142ej wody.<\/p>\n\n\n\n<ul class=\"wp-block-list\">\n<li>22 wrze\u015bnia 2022 r.<\/li>\n<\/ul>\n\n\n\n<p>Zapraszamy na zebranie Cz\u0142onk\u00f3w Wsp\u00f3lnoty, kt\u00f3re odb\u0119dzie si\u0119 12 pa\u017adziernika 2022 r. o godzinie 18:00 w Szkole Podstawowej przy ul. Polnej w Wasilkowie. W\u015br\u00f3d zaproszonych go\u015bci m.in. przedstawiciel sp\u00f3\u0142ki Yuniversal Podlaski i Burmistrz Wasilkowa &#8211; Adrian \u0141uckiewicz.<\/p>\n\n\n\n<ul class=\"wp-block-list\">\n<li>19 lipca 2022 r.<\/li>\n<\/ul>\n\n\n\n<p>Zawarli\u015bmy umow\u0119 z wybranym wykonawc\u0105 na wymian\u0119 lub legalizacj\u0119 ciep\u0142omierzy i wymian\u0119 wodomierzy w budynkach Wsp\u00f3lnoty. Termin realizacji &#8211; do ko\u0144ca wrze\u015bnia 2022 r. o ile dost\u0119pne b\u0119d\u0105 wszystkie materia\u0142y.<\/p>\n\n\n\n<ul class=\"wp-block-list\">\n<li>23 czerwca 2022 r.<\/li>\n<\/ul>\n\n\n\n<p>Rada FSNT-NOT w Bia\u0142ymstoku wykona\u0142a przegl\u0105d 5-cioletni budynk\u00f3w Wsp\u00f3lnoty.<\/p>\n\n\n\n<ul class=\"wp-block-list\">\n<li>24 marca 2022 r.<\/li>\n<\/ul>\n\n\n\n<p>Na zaproszenie Burmistrza Wasilkowa, Zarz\u0105d Wsp\u00f3lnoty oraz przedstawiciel Administracji, spotkali si\u0119 z nim w Urz\u0119dzie Miejskim, aby om\u00f3wi\u0107 zagadnienie segregacji odpad\u00f3w mieszka\u0144c\u00f3w Wsp\u00f3lnoty &#8211; w tym na\u0142o\u017con\u0105 (i cofni\u0119t\u0105) op\u0142at\u0119 dodatkow\u0105 za brak segregacji we wrze\u015bniu 2021 r. Ustalone zosta\u0142y kierunki dzia\u0142a\u0144 edukacyjnych mieszka\u0144c\u00f3w. O kolejnych krokach b\u0119dziemy informowali na bie\u017c\u0105co.<\/p>\n\n\n\n<ul class=\"wp-block-list\">\n<li>21 marca 2022 r.<\/li>\n<\/ul>\n\n\n\n<p>Trwa kolejna edycja loterii <em>Mieszkasz w Gminie Wasilk\u00f3w? Wygrywasz!<\/em> Aby wzi\u0105\u0107 udzia\u0142 nale\u017cy rozliczy\u0107 si\u0119 z podatku PIT za poprzedni rok, wskazuj\u0105c miejsce zamieszkania w Wasilkowie, a PIT z\u0142o\u017cy\u0107 w Drugim Urz\u0119dzie Skarbowym w Bia\u0142ymstoku. Zg\u0142oszenia do loterii oraz regulamin dost\u0119pny na stronie internetowej <a href=\"https:\/\/www.pitwwasilkowie.pl\/\" data-type=\"URL\" data-id=\"https:\/\/www.pitwwasilkowie.pl\/\" target=\"_blank\" rel=\"noreferrer noopener\">pitwwasilkowie.pl<\/a><\/p>\n\n\n\n<ul class=\"wp-block-list\">\n<li>8 marca 2022 r.<\/li>\n<\/ul>\n\n\n\n<p>W czwartek i pi\u0105tek (10 i 11 marca) Zarz\u0105d b\u0119dzie sprawdza\u0142 stan obr\u00f3bki blacharskiej na balkonach i tarasach w budynkach Nadawki 1 i Nadawki 1A. Prosimy o mo\u017cliwo\u015b\u0107 wej\u015bcia na balkony i tarasy.<\/p>\n\n\n\n<ul class=\"wp-block-list\">\n<li>7 marca 2022 r.<\/li>\n<\/ul>\n\n\n\n<p>Nadal trwa g\u0142osowanie tzw. obiegowe nad uchwa\u0142ami z grudnia 2021 r. Prosz\u0119 o oddanie g\u0142osu i wrzucenie karty do g\u0142osowania do skrzynki pocztowej &#8222;Zwroty&#8221; lub odes\u0142anie skanu na adres <a href=\"mailto:biuro@dobrawspolnota.pl\">biuro@dobrawspolnota.pl<\/a><\/p>\n\n\n\n<p>O tym dlaczego ka\u017cde g\u0142osowanie jest wa\u017cne, mo\u017cna przeczyta\u0107 w sekcji <a href=\"http:\/\/www.nadawki.pl\/index.php\/jak-dzialamy\/\" data-type=\"URL\" data-id=\"http:\/\/www.nadawki.pl\/index.php\/jak-dzialamy\/\">Jak dzia\u0142amy<\/a>.<\/p>\n\n\n\n<ul class=\"wp-block-list\">\n<li>25 lutego 2022 r.<\/li>\n<\/ul>\n\n\n\n<p>Do Urz\u0119du Miejskiego w Wasilkowie skierowano pismo w sprawie segregacji \u015bmieci, w tym m.in. o w\u0142a\u015bciwe pozostawianie kontener\u00f3w po odbiorze, o przestrzeganie harmonogramu, przekazanie ulotek dotycz\u0105cych segregacji i podj\u0119cie dzia\u0142a\u0144 w zwi\u0105zku z odbieraniem odpad\u00f3w z lokali us\u0142ugowych.<\/p>\n\n\n\n<ul class=\"wp-block-list\">\n<li>9 lutego 2022 r.<\/li>\n<\/ul>\n\n\n\n<p>Z\u0142o\u017cono reklamacj\u0119 do dewelopera na usterki w budynkach Nadawki 1 i 1A.<\/p>\n\n\n\n<ul class=\"wp-block-list\">\n<li>29 stycznia &#8211; 7 lutego 2022 r.<\/li>\n<\/ul>\n\n\n\n<p>Przegl\u0105d budynk\u00f3w Nadawki 1 i 1A. Po przegl\u0105dzie opisano usterki i zawarto je w pi\u015bmie reklamacyjnym do dewelopera.<\/p>\n\n\n\n<ul class=\"wp-block-list\">\n<li>26 stycznia 2022 r.<\/li>\n<\/ul>\n\n\n\n<p>Spotkanie Zarz\u0105du z Administracj\u0105. Om\u00f3wienie przegl\u0105du przed up\u0142ywem gwarancji budynk\u00f3w Wsp\u00f3lnoty.<\/p>\n\n\n\n<ul class=\"wp-block-list\">\n<li>19 stycznia 2022 r.<\/li>\n<\/ul>\n\n\n\n<p>Zebranie nowego Zarz\u0105du w celu om\u00f3wienia bie\u017c\u0105cych spraw oraz przyj\u0119cia strategii dzia\u0142ania. <\/p>\n","protected":false},"excerpt":{"rendered":"<p>Zapraszamy na zebranie Cz\u0142onk\u00f3w Wsp\u00f3lnoty Mieszkaniowej kt\u00f3re odb\u0119dzie si\u0119 23 stycznia 2024 r. w sto\u0142\u00f3wce Szko\u0142y Podstawowej w Wasilkowie przy ul. Polnej 1\/4. Tematem zebrania b\u0119dzie wy\u0142onienie dw\u00f3ch nowych os\u00f3b do Zarz\u0105du Wsp\u00f3lnoty. Obecno\u015b\u0107 mile widziana. Trwa g\u0142osowanie nad uchwa\u0142ami, kt\u00f3re by\u0142y przedmiotem naszego zebrania 21 marca 2023 r. Kto nie by\u0142 obecny otrzyma\u0142 tre\u015b\u0107 <a class=\"read-more\" href=\"https:\/\/www.nadawki.pl\/index.php\/aktualnosci\/\">READ MORE<\/a><\/p>\n","protected":false},"author":1,"featured_media":0,"parent":0,"menu_order":0,"comment_status":"closed","ping_status":"closed","template":"","meta":{"footnotes":""},"class_list":["post-161","page","type-page","status-publish","hentry"],"_links":{"self":[{"href":"https:\/\/www.nadawki.pl\/index.php\/wp-json\/wp\/v2\/pages\/161","targetHints":{"allow":["GET"]}}],"collection":[{"href":"https:\/\/www.nadawki.pl\/index.php\/wp-json\/wp\/v2\/pages"}],"about":[{"href":"https:\/\/www.nadawki.pl\/index.php\/wp-json\/wp\/v2\/types\/page"}],"author":[{"embeddable":true,"href":"https:\/\/www.nadawki.pl\/index.php\/wp-json\/wp\/v2\/users\/1"}],"replies":[{"embeddable":true,"href":"https:\/\/www.nadawki.pl\/index.php\/wp-json\/wp\/v2\/comments?post=161"}],"version-history":[{"count":21,"href":"https:\/\/www.nadawki.pl\/index.php\/wp-json\/wp\/v2\/pages\/161\/revisions"}],"predecessor-version":[{"id":370,"href":"https:\/\/www.nadawki.pl\/index.php\/wp-json\/wp\/v2\/pages\/161\/revisions\/370"}],"wp:attachment":[{"href":"https:\/\/www.nadawki.pl\/index.php\/wp-json\/wp\/v2\/media?parent=161"}],"curies":[{"name":"wp","href":"https:\/\/api.w.org\/{rel}","templated":true}]}}