{"id":70,"date":"2022-03-07T17:11:38","date_gmt":"2022-03-07T17:11:38","guid":{"rendered":"http:\/\/www.nadawki.pl\/index.php\/home\/"},"modified":"2022-03-08T08:12:04","modified_gmt":"2022-03-08T08:12:04","slug":"home","status":"publish","type":"page","link":"https:\/\/www.nadawki.pl\/","title":{"rendered":"Nadawki"},"content":{"rendered":"\n<p>Przez dziesi\u0119ciolecia tereny p\u00f3l i \u0142\u0105k po lewej stronie dzisiejszej drogi z Bia\u0142egostoku do Wasilkowa nazywano &#8222;Nadawki&#8221;. W\u0142a\u015bciwie pierwotnie teren ten nazywa\u0142 si\u0119 &#8222;naddawek&#8221;. Gdy tworzono maj\u0105tek\u00a0ziemski Jarosz\u00f3wka (po drugiej stronie drogi do Bia\u0142egostoku) to dodano ten teren i zacz\u0119to go nazywa\u0107\u00a0jako &#8222;naddatek&#8221;. Przed laty, kiedy\u00a0nadawano nazw\u0119 ulicy, \u00f3wczesnemu burmistrzowi Wasilkowa p. Antoniemu Pe\u0142kowskiemu zale\u017ca\u0142o, aby uwieczni\u0107 historyczne miano tych teren\u00f3w. <\/p>\n\n\n\n<p><\/p>\n","protected":false},"excerpt":{"rendered":"<p>Przez dziesi\u0119ciolecia tereny p\u00f3l i \u0142\u0105k po lewej stronie dzisiejszej drogi z Bia\u0142egostoku do Wasilkowa nazywano &#8222;Nadawki&#8221;. W\u0142a\u015bciwie pierwotnie teren ten nazywa\u0142 si\u0119 &#8222;naddawek&#8221;. Gdy tworzono maj\u0105tek\u00a0ziemski Jarosz\u00f3wka (po drugiej stronie drogi do Bia\u0142egostoku) to dodano ten teren i zacz\u0119to go nazywa\u0107\u00a0jako &#8222;naddatek&#8221;. Przed laty, kiedy\u00a0nadawano nazw\u0119 ulicy, \u00f3wczesnemu burmistrzowi Wasilkowa p. Antoniemu Pe\u0142kowskiemu zale\u017ca\u0142o, <a class=\"read-more\" href=\"https:\/\/www.nadawki.pl\/\">READ MORE<\/a><\/p>\n","protected":false},"author":1,"featured_media":0,"parent":0,"menu_order":0,"comment_status":"closed","ping_status":"closed","template":"page-templates\/frontpage.php","meta":{"footnotes":""},"class_list":["post-70","page","type-page","status-publish","hentry"],"_links":{"self":[{"href":"https:\/\/www.nadawki.pl\/index.php\/wp-json\/wp\/v2\/pages\/70","targetHints":{"allow":["GET"]}}],"collection":[{"href":"https:\/\/www.nadawki.pl\/index.php\/wp-json\/wp\/v2\/pages"}],"about":[{"href":"https:\/\/www.nadawki.pl\/index.php\/wp-json\/wp\/v2\/types\/page"}],"author":[{"embeddable":true,"href":"https:\/\/www.nadawki.pl\/index.php\/wp-json\/wp\/v2\/users\/1"}],"replies":[{"embeddable":true,"href":"https:\/\/www.nadawki.pl\/index.php\/wp-json\/wp\/v2\/comments?post=70"}],"version-history":[{"count":8,"href":"https:\/\/www.nadawki.pl\/index.php\/wp-json\/wp\/v2\/pages\/70\/revisions"}],"predecessor-version":[{"id":135,"href":"https:\/\/www.nadawki.pl\/index.php\/wp-json\/wp\/v2\/pages\/70\/revisions\/135"}],"wp:attachment":[{"href":"https:\/\/www.nadawki.pl\/index.php\/wp-json\/wp\/v2\/media?parent=70"}],"curies":[{"name":"wp","href":"https:\/\/api.w.org\/{rel}","templated":true}]}}