{"id":8,"date":"2020-04-26T07:18:35","date_gmt":"2020-04-26T07:18:35","guid":{"rendered":"http:\/\/www.nadawki.pl\/?page_id=8"},"modified":"2026-01-23T16:36:26","modified_gmt":"2026-01-23T16:36:26","slug":"kontakt","status":"publish","type":"page","link":"https:\/\/www.nadawki.pl\/index.php\/kontakt\/","title":{"rendered":"Kontakt i awarie"},"content":{"rendered":"\n<blockquote class=\"wp-block-quote is-layout-flow wp-block-quote-is-layout-flow\">\n<p><strong>Kontakt do Zarz\u0105du Wsp\u00f3lnoty<\/strong><\/p>\n<\/blockquote>\n\n\n\n<div class=\"wp-block-buttons is-content-justification-space-between is-layout-flex wp-container-core-buttons-is-layout-3d213aab wp-block-buttons-is-layout-flex\">\n<div class=\"wp-block-button is-style-outline is-style-outline--1\"><a class=\"wp-block-button__link wp-element-button\" href=\"mailto:kontakt@nadawki.pl\">kontakt@nadawki.pl<\/a><\/div>\n<\/div>\n\n\n\n<h3 class=\"wp-block-heading\">Urszula Kurzyna<\/h3>\n\n\n\n<p><\/p>\n\n\n\n<h3 class=\"wp-block-heading\">Grzegorz Sawczuk<\/h3>\n\n\n\n<div class=\"wp-block-buttons is-layout-flex wp-block-buttons-is-layout-flex\">\n<div class=\"wp-block-button is-style-outline is-style-outline--2\"><a class=\"wp-block-button__link wp-element-button\" href=\"mailto:grzegorz@nadawki.pl\">grzegorz@nadawki.pl<\/a><\/div>\n<\/div>\n\n\n\n<p><\/p>\n\n\n\n<h3 class=\"wp-block-heading\">Wojciech Nierodzik<\/h3>\n\n\n\n<p><\/p>\n\n\n\n<p><\/p>\n\n\n\n<p><\/p>\n\n\n\n<h3 class=\"wp-block-heading\">Grupa w mediach spo\u0142eczno\u015bciowych<\/h3>\n\n\n\n<div class=\"wp-block-buttons is-layout-flex wp-block-buttons-is-layout-flex\">\n<div class=\"wp-block-button is-style-outline is-style-outline--3\"><a class=\"wp-block-button__link wp-element-button\" href=\"https:\/\/www.facebook.com\/groups\/274682530212578\" target=\"_blank\" rel=\"noreferrer noopener\">Facebook<\/a><\/div>\n<\/div>\n\n\n\n<p><\/p>\n\n\n\n<blockquote class=\"wp-block-quote is-layout-flow wp-block-quote-is-layout-flow\">\n<p><strong>dane kontaktowe do zarz\u0105dcy firmy Dobra Wsp\u00f3lnota:<\/strong><\/p>\n<\/blockquote>\n\n\n\n<div class=\"wp-block-buttons is-layout-flex wp-block-buttons-is-layout-flex\">\n<div class=\"wp-block-button is-style-outline is-style-outline--4\"><a class=\"wp-block-button__link wp-element-button\" href=\"http:\/\/www.dobrawspolnota.pl\/\" target=\"_blank\" rel=\"noreferrer noopener\">http:\/\/www.dobrawspolnota.pl\/<\/a><\/div>\n<\/div>\n\n\n\n<p><\/p>\n\n\n\n<h3 class=\"wp-block-heading\">Administratorzy:<\/h3>\n\n\n\n<h3 class=\"wp-block-heading\">Rafa\u0142 Wiszniewski tel. 883-959-004<\/h3>\n\n\n\n<h3 class=\"wp-block-heading\">Marcin Wiszniewski tel. 533-760-744<\/h3>\n\n\n\n<p><\/p>\n\n\n\n<div class=\"wp-block-buttons is-layout-flex wp-block-buttons-is-layout-flex\">\n<div class=\"wp-block-button is-style-outline is-style-outline--5\"><a class=\"wp-block-button__link wp-element-button\" href=\"mailto:biuro@dobrawspolnota.pl\">biuro@dobrawspolnota.pl<\/a><\/div>\n<\/div>\n\n\n\n<p><\/p>\n\n\n\n<h3 class=\"wp-block-heading\">Ksi\u0119gowo\u015b\u0107: tel. 533-760-766<\/h3>\n\n\n\n<p><\/p>\n\n\n\n<div class=\"wp-block-buttons is-layout-flex wp-block-buttons-is-layout-flex\">\n<div class=\"wp-block-button is-style-outline is-style-outline--6\"><a class=\"wp-block-button__link wp-element-button\" href=\"mailto:ksiegowosc@dobrawspolnota.pl\">ksiegowosc@dobrawspolnota.pl<\/a><\/div>\n<\/div>\n\n\n\n<p><\/p>\n\n\n\n<h3 class=\"wp-block-heading\">Konserwator (Hydraulik\/Elektryk) tel. 533 760\u00a0743 i 729 387 954<\/h3>\n\n\n\n<h3 class=\"wp-block-heading\">Hydraulik tel. 697 497 878 i 733 272 696<\/h3>\n\n\n\n<h3 class=\"wp-block-heading\">Elektryk tel. 602 372 417<\/h3>\n\n\n\n<h3 class=\"wp-block-heading\">Elektryk, monitoring, domofony tel. 726 259 284<\/h3>\n\n\n\n<p><\/p>\n\n\n\n<div class=\"wp-block-buttons is-layout-flex wp-block-buttons-is-layout-flex\">\n<div class=\"wp-block-button is-style-outline is-style-outline--7\"><a class=\"wp-block-button__link wp-element-button\" href=\"mailto:dzialtechniczny@dobrawspolnota.pl\">dzialtechniczny@dobrawspolnota.pl<\/a><\/div>\n<\/div>\n\n\n\n<p><\/p>\n\n\n\n<h3 class=\"wp-block-heading\">Serwis kot\u0142owni: 697&nbsp;497&nbsp;878<\/h3>\n\n\n\n<h3 class=\"wp-block-heading\">Serwis wind: 19282 lub 85&nbsp;742 47 56<\/h3>\n\n\n\n<blockquote class=\"wp-block-quote is-layout-flow wp-block-quote-is-layout-flow\">\n<p>Internetowa kartoteka mieszka\u0144ca (dane do logowania u Administracji):<\/p>\n<\/blockquote>\n\n\n\n<div class=\"wp-block-buttons is-layout-flex wp-block-buttons-is-layout-flex\">\n<div class=\"wp-block-button is-style-outline is-style-outline--8\"><a class=\"wp-block-button__link wp-element-button\" href=\"https:\/\/strefaklienta.dombest.pl\/dombest\/content\/InetObsKontr\/login\" target=\"_blank\" rel=\"noreferrer noopener\">https:\/\/dombest.pl<\/a><\/div>\n<\/div>\n","protected":false},"excerpt":{"rendered":"<p>Kontakt do Zarz\u0105du Wsp\u00f3lnoty Urszula Kurzyna Grzegorz Sawczuk Wojciech Nierodzik Grupa w mediach spo\u0142eczno\u015bciowych dane kontaktowe do zarz\u0105dcy firmy Dobra Wsp\u00f3lnota: Administratorzy: Rafa\u0142 Wiszniewski tel. 883-959-004 Marcin Wiszniewski tel. 533-760-744 Ksi\u0119gowo\u015b\u0107: tel. 533-760-766 Konserwator (Hydraulik\/Elektryk) tel. 533 760\u00a0743 i 729 387 954 Hydraulik tel. 697 497 878 i 733 272 696 Elektryk tel. 602 372 <a class=\"read-more\" href=\"https:\/\/www.nadawki.pl\/index.php\/kontakt\/\">READ MORE<\/a><\/p>\n","protected":false},"author":1,"featured_media":0,"parent":0,"menu_order":0,"comment_status":"closed","ping_status":"closed","template":"","meta":{"footnotes":""},"class_list":["post-8","page","type-page","status-publish","hentry"],"_links":{"self":[{"href":"https:\/\/www.nadawki.pl\/index.php\/wp-json\/wp\/v2\/pages\/8","targetHints":{"allow":["GET"]}}],"collection":[{"href":"https:\/\/www.nadawki.pl\/index.php\/wp-json\/wp\/v2\/pages"}],"about":[{"href":"https:\/\/www.nadawki.pl\/index.php\/wp-json\/wp\/v2\/types\/page"}],"author":[{"embeddable":true,"href":"https:\/\/www.nadawki.pl\/index.php\/wp-json\/wp\/v2\/users\/1"}],"replies":[{"embeddable":true,"href":"https:\/\/www.nadawki.pl\/index.php\/wp-json\/wp\/v2\/comments?post=8"}],"version-history":[{"count":29,"href":"https:\/\/www.nadawki.pl\/index.php\/wp-json\/wp\/v2\/pages\/8\/revisions"}],"predecessor-version":[{"id":375,"href":"https:\/\/www.nadawki.pl\/index.php\/wp-json\/wp\/v2\/pages\/8\/revisions\/375"}],"wp:attachment":[{"href":"https:\/\/www.nadawki.pl\/index.php\/wp-json\/wp\/v2\/media?parent=8"}],"curies":[{"name":"wp","href":"https:\/\/api.w.org\/{rel}","templated":true}]}}